{"id":25,"date":"2026-04-27T02:27:51","date_gmt":"2026-04-27T02:27:51","guid":{"rendered":"https:\/\/www.potenzhilfe.com\/?post_type=product&#038;p=25"},"modified":"2026-04-29T02:34:33","modified_gmt":"2026-04-29T02:34:33","slug":"kamagra-oral-jelly-100","status":"publish","type":"product","link":"https:\/\/www.potenzhilfe.com\/?product=kamagra-oral-jelly-100","title":{"rendered":"Kamagra Oral Jelly 100"},"content":{"rendered":"<p>Kamagra Oral Jelly 100 mg. Die L\u00f6sung bei Erektionsst\u00f6rungen in einer innovativen Gelform kombiniert mit bew\u00e4hrter Wirksamkeit.<\/p>\n<p>Beschreibung: Kamagra Oral Jelly bietet eine anwenderfreundliche Gelform zur Behandlung von Erektionsst\u00f6rungen. Das Gel kann direkt oder mit einem Teel\u00f6ffel eingenommen werden und ist besonders f\u00fcr M\u00e4nner geeignet, denen das Schlucken von Tabletten schwerf\u00e4llt. Hergestellt von Ajanta Pharma, einem der weltweit gr\u00f6\u00dften Pharmahersteller mit Niederlassungen in \u00fcber 30 L\u00e4ndern, darunter in den USA, garantiert das Kamagra Oral Jelly h\u00f6chste Qualit\u00e4tsanspr\u00fcche erf\u00fcllt.<\/p>\n<p>Anwendung: Sildenafil Citrat (folgend Sildenafil) ist den meisten vor allem unter dem Handelsnamen Viagra bekannt. Urspr\u00fcnglich wurde es entwickelt, um Bluthochdruck zu behandeln. Dann stellte sich jedoch heraus, dass es vor allem erektionsf\u00f6rdernd war. Deshalb wird es heute vor allem in der Therapie von Erektionsst\u00f6rungen wie erektiler Dysfunktion angewendet. Ein weiteres Anwendungsgebiet ist seit einigen Jahren die Behandlung von Lungenhochdruck (pulmonale Hypertonie, PAH).<br \/>\nAnwendungsart: Sildenafil ist als Film- oder Kautablette sowie als Brausetablette und als Gel in den Dosierungen, 50 mg und 100 mg auf dem Markt erh\u00e4ltlich. Um Lungenhochdruck zu behandeln, ist es zus\u00e4tzlich noch als Pulver erh\u00e4ltlich, aus dem Suspensionen zur oralen Einnahme hergestellt werden. Daf\u00fcr steht Pulver mit der Dosierung von 10 mg\/ml zur Verf\u00fcgung.<br \/>\nWirkmechanismus: Sildenafil geh\u00f6rt zur Wirkstoffgruppe der Phosphodiesterase-5-Inhibitoren (PDE-5-Hemmer). Es blockiert das Enzym Phosphodiesterase-5. Dadurch wird weniger zyklisches Guanin-Monophosphat (cGMP) abgebaut. cGMP ist n\u00f6tig, um die glatte Muskulatur der Blutgef\u00e4\u00dfe im Penis zu entspannen. In Folge werden die Gef\u00e4\u00dfe indirekt erweitert. Dadurch kann Blut leichter in den Schwellk\u00f6rper des Penis flie\u00dfen und eine Erektion erm\u00f6glichen. Zudem f\u00fchrt der erh\u00f6hte cGMP-Spiegel zu einer st\u00e4rkeren Erektion nach sexueller Erregung. Beides ist jedoch nur m\u00f6glich, wenn der Mann sexuell stimuliert wird. Der positive Effekt von Sildenafil auf Lungenhochdruck geht ebenfalls auf die gef\u00e4\u00dferweiternde Wirkung zur\u00fcck.<br \/>\nPharmakokinetik: Oral gegeben wird Sildenafil schnell und fast vollst\u00e4ndig im Verdauungstrakt aufgenommen. Die Wirkung tritt nach 30 bis 60 Minuten ein. Die maximale Plasmakonzentration ist nach 30 bis 120 Minuten erreicht, die Eliminationshalbwertszeit der aktiven Substanz nach drei bis f\u00fcnf Stunden. Die orale Bioverf\u00fcgbarkeit liegt bei ungef\u00e4hr 40%, die Wirkdauer bei vier bis f\u00fcnf Stunden. Wird Sildenafil zusammen mit einer Mahlzeit eingenommen, verz\u00f6gern sich die Wirkung und die maximale Plasmakonzentration. \u00c4ltere und gesunde M\u00e4nner haben zus\u00e4tzlich eine niedrigere Clearance f\u00fcr Sildenafil und deshalb bereits bei normaler Dosierung h\u00e4ufig erh\u00f6hte Plasmaspiegel des Wirkstoffs.<br \/>\nAbgebaut wird der Wirkstoff in der Leber \u00fcber die Cytochrom-P450-Enzyme CYP3A4 und CYP2C9. Dabei entsteht haupts\u00e4chlich ein N-methylierter Metabolit, der ebenfalls ein PDE-5-Hemmer ist, jedoch nur knapp halb so wirksam. Ausgeschieden werden die Metaboliten haupts\u00e4chlich \u00fcber den Stuhl und zu ca.13% \u00fcber den Urin.<br \/>\nDosierung bei Erektiler Dysfunktion: Die \u00fcbliche Dosierung des oral verabreichten Sildenafils liegt zwischen 50 bis 100 mg ca. eine Stunde vor dem Geschlechtsverkehr. Jedoch darf pro Tag nur eine Einnahme erfolgen. Die Maximaldosis am Tag betr\u00e4gt 100 mg. Wird der Wirkstoff zum Essen eingenommen, kann sich die Wirkung verz\u00f6gern.<br \/>\nM\u00e4nner, die eine Nieren- oder Leberfunktionsst\u00f6rung haben, sollten niedrigere Dosen einnehmen. F\u00fcr Kinder und Jugendliche unter 18 Jahren ist der Wirkstoff nicht zugelassen.<br \/>\nNebenwirkungen: Der Wirkstoff sollte ohne gr\u00fcndliche Untersuchung des Herz-Kreislauf-Systems nicht angewendet werden. Typische Nebenwirkungen von Sildenafil sind Magen-Darm-Beschwerden (von leichten Befindlichkeitsst\u00f6rungen \u00fcber Erbrechen und Durchfall bis Magenschleimhautentz\u00fcndungen), unterschiedlichste Sehst\u00f6rungen und grippe\u00e4hnliche Symptome. Nicht selten komm es zu Bronchitis oder Husten, Kopfschmerzen (Migr\u00e4ne), Schwindel und psychischen Symptomen wie Unruhe oder Angst.<br \/>\nAufgelistet nach ihrer H\u00e4ufigkeit werden nachfolgend weitere Nebenwirkungen genannt:<br \/>\nSehr h\u00e4ufig (mehr als 1 von 10 Konsumenten): Kopfschmerzen<br \/>\nH\u00e4ufig (1 bis 10 von 100 Konsumenten): Schwindel, Ver\u00e4nderungen des Farbsehens, Sehst\u00f6rungen, verschwommenes Sehen, anfallartige R\u00f6tungen (Flush), Hitzewallung, verstopfte Nasen, \u00dcbelkeit, Dyspepsie<br \/>\nWechselwirkungen: Sildenafil wird \u00fcber die Enzyme CYP3A4 und CYP2C9 in der Leber abgebaut. Deshalb k\u00f6nnen andere Arzneimittel, die ebenfalls auf diese Enzyme einwirken, sich auch auf Sildenafil auswirken. Dazu z\u00e4hlen CYP3A4-Inhibitoren wie Ketoconazol, Erythromycin und Cimetidin. Bisher sind keine Auswirkungen bei diesen Wirkstoffen bekannt, zur Sicherheit sollte dennoch eine niedrige Anfangsdosis gew\u00e4hlt werden. Die HIV-Protease-Hemmstoffe Ritonavir und Saquinavir hingegen k\u00f6nnen die Plasmakonzentration von Sildenafil deutlich erh\u00f6hen. Deshalb wird davon abgeraten, Sildenafil zusammen mit Ritonavir zu geben.Auch Erythromycin, Cimetidin und Grapefruitsaft k\u00f6nnen den Plasmaspiegel von Sildenafil erh\u00f6hen.<br \/>\nNicorandil steht ebenfalls im Verdacht, schwerwiegende Wechselwirkungen mit Sildenafil auszul\u00f6sen.<br \/>\nIm Gegenzug wirkt sich Sildenafil auch auf die Wirksamkeit anderer Medikamente aus. Dazu z\u00e4hlen Nitrate und Riociguat, deren blutdrucksenkenden Effekt der Wirkstoff verst\u00e4rkt. Eine gleichzeitige Einnahme ist bei beiden Substanzen deshalb kontraindiziert. Auch bei Alphablocker-Therapien und unter Amlodipin kann ein zus\u00e4tzlicher leichter, blutdrucksenkender Effekt beobachtet werden.<br \/>\nBesteht bereits eine Therapie mit Bosentan, kann die gleichzeitige Einnahme von Sildenafil zu einem erh\u00f6hten Plasmaspiegel des Bosentans f\u00fchren.<br \/>\nKontraindikation: Die Kontraindikationen sind aufgrund des Wirkungsspektrums von Sildenafil vielf\u00e4ltig.<br \/>\n\u00dcberempfindlichkeit gegen den Wirkstoff oder andere PDE-5-Hemmer<br \/>\nNitrate: verst\u00e4rkter blutdrucksenkender Effekt<br \/>\nGuanylatcyclase-Stimulatoren wie Riociguat: symptomatische Hypotonie<br \/>\nVerkehrst\u00fcchtigkeit: Zur Verkehrst\u00fcchtigkeit liegen keine Daten vor. Sie sollten darauf achten, wie sie auf Sildenafil reagieren, bevor sie am Stra\u00dfenverkehr teilnehmen oder Maschinen bedienen.<br \/>\nAnwendungshinweise: Kardiovaskul\u00e4rer Status &#8211; Vor Beginn einer Behandlung der erektilen Dysfunktion sollte der Arzt Ihren kardiovaskul\u00e4ren Status pr\u00fcfen, da sexuelle Aktivit\u00e4t mit einem gewissen Risiko f\u00fcr das Herz verbunden ist.<br \/>\nPriapismus &#8211; H\u00e4lt die Erektion nach Einnahme von Sildenafil vier Stunden oder l\u00e4nger an (Priapismus), sollte umgehend ein Arzt aufgesucht werden. Falls der Priapismus nicht umgehend behandelt wird, kann dies zur Sch\u00e4digung des Penisgewebes und zu dauerhaftem Potenzverlust f\u00fchren.<br \/>\nAufbewahrung: Lagern Sie das Medikament an einem trockenen Ort zwischen 20 \u00b0C und 25 \u00b0C, gesch\u00fctzt vor Feuchtigkeit und Sonnenlicht, und au\u00dferhalb der Reichweite von Kindern und Haustieren.<\/p>\n","protected":false},"excerpt":{"rendered":"<p>Kamagra Oral Jelly ist eine pharmazeutische Darreichungsform zur Behandlung der erektilen Dysfunktion (Potenzst\u00f6rungen). Es wird vom indischen Unternehmen Ajanta Pharma hergestellt und zeichnet sich durch seine gelartige Konsistenz aus.<\/p>\n","protected":false},"featured_media":27,"comment_status":"open","ping_status":"closed","template":"","meta":[],"product_brand":[24],"product_cat":[23,21,19,20],"product_tag":[46,49,38,50,37,44,27,28,29],"class_list":{"0":"post-25","1":"product","2":"type-product","3":"status-publish","4":"has-post-thumbnail","6":"product_brand-kamagra","7":"product_cat-kamagra","8":"product_cat-kamagra-gelee","9":"product_cat-potenzmittel","10":"product_cat-sildenafil","11":"product_tag-erektionsmittel","12":"product_tag-erektionsverstaerker","13":"product_tag-kamagra-oral-jelly","14":"product_tag-libido-steigerung","15":"product_tag-pde-5-hemmer","16":"product_tag-potenzmittel","17":"product_tag-sildenafil","18":"product_tag-sildenafil-citrat","19":"product_tag-sildenafil-generika","21":"first","22":"instock","23":"sale","24":"featured","25":"shipping-taxable","26":"purchasable","27":"product-type-simple"},"_links":{"self":[{"href":"https:\/\/www.potenzhilfe.com\/index.php?rest_route=\/wp\/v2\/product\/25","targetHints":{"allow":["GET"]}}],"collection":[{"href":"https:\/\/www.potenzhilfe.com\/index.php?rest_route=\/wp\/v2\/product"}],"about":[{"href":"https:\/\/www.potenzhilfe.com\/index.php?rest_route=\/wp\/v2\/types\/product"}],"replies":[{"embeddable":true,"href":"https:\/\/www.potenzhilfe.com\/index.php?rest_route=%2Fwp%2Fv2%2Fcomments&post=25"}],"wp:featuredmedia":[{"embeddable":true,"href":"https:\/\/www.potenzhilfe.com\/index.php?rest_route=\/wp\/v2\/media\/27"}],"wp:attachment":[{"href":"https:\/\/www.potenzhilfe.com\/index.php?rest_route=%2Fwp%2Fv2%2Fmedia&parent=25"}],"wp:term":[{"taxonomy":"product_brand","embeddable":true,"href":"https:\/\/www.potenzhilfe.com\/index.php?rest_route=%2Fwp%2Fv2%2Fproduct_brand&post=25"},{"taxonomy":"product_cat","embeddable":true,"href":"https:\/\/www.potenzhilfe.com\/index.php?rest_route=%2Fwp%2Fv2%2Fproduct_cat&post=25"},{"taxonomy":"product_tag","embeddable":true,"href":"https:\/\/www.potenzhilfe.com\/index.php?rest_route=%2Fwp%2Fv2%2Fproduct_tag&post=25"}],"curies":[{"name":"wp","href":"https:\/\/api.w.org\/{rel}","templated":true}]}}